{"id":51,"date":"2015-03-02T04:18:30","date_gmt":"2015-03-02T04:18:30","guid":{"rendered":"https:\/\/tangocoach.ca\/?page_id=51"},"modified":"2024-10-27T16:32:37","modified_gmt":"2024-10-27T20:32:37","slug":"pedagogie","status":"publish","type":"page","link":"https:\/\/tangocoach.ca\/?page_id=51","title":{"rendered":"P\u00e9dagogie"},"content":{"rendered":"<h6><em>\u00abApprendre\u00a0le tango n&rsquo;est pas \u00e0 propos de savoir faire mais plut\u00f4t de SAVOIR\u00a0\u00caTRE\u00a0&#8230;\u00bb<\/em><\/h6>\n<p><strong>Pourquoi apprendre le tango ?<\/strong><\/p>\n<p style=\"text-align: justify;\"><strong>Pour le plaisir !!!\u00a0\u00a0<\/strong>Avant toute autre chose, l\u2019apprentissage du tango est un loisir qui, pour la tr\u00e8s grande majorit\u00e9 des gens, a comme but de se pratiquer dans un contexte social et ludique. Tango Coach, quoiqu\u2019il puisse offrir du coaching pour des danseurs aux ambitions professionnelles (danseurs de sc\u00e8ne et enseignants), r\u00e9pond davantage \u00e0 ceux et celles qui veulent progresser rapidement dans leur aisance et habilit\u00e9 sur une piste de danse par une\u00a0p\u00e9dagogie appliqu\u00e9e au bal (aussi appel\u00e9 \u00ab\u00a0la milonga\u00a0\u00bb) .<\/p>\n<hr \/>\n<p style=\"text-align: justify;\"><strong>Les multiples dimensions de l\u2019apprentissage du tango<\/strong><\/p>\n<p style=\"text-align: justify;\">Tango Coach vous entra\u00eene sur plusieurs dimensions qui feront de vous un danseur ou une danseuse appr\u00e9ci\u00e9(e) mais aussi respect\u00e9(e) qui \u00e9volue avec gr\u00e2ce\u00a0sur la piste. Nous insistons sur la transmission des valeurs nobles du tango argentin que sont l\u2019\u00e9l\u00e9gance, le respect, la sensibilit\u00e9, l\u2019\u00e9coute, l\u2019harmonie et la g\u00e9n\u00e9rosit\u00e9 \u00e0 travers\u00a0une approche tridimensionnelle\u00a0:<\/p>\n<ol style=\"text-align: justify;\">\n<li><strong>PERSONNELLE<\/strong>: vous apprenez \u00e0 conna\u00eetre votre corps, son fonctionnement biom\u00e9canique, la ma\u00eetrise de son axe, de son ancrage au sol, et de son \u00e9nergie. Vous devenez ainsi tr\u00e8s t\u00f4t en pleine possession de vos moyens pour effectuer des mouvements gracieux avec une ma\u00eetrise, une libert\u00e9 et une \u00e9l\u00e9gance naturelle. Vous entrainez votre\u00a0\u00e9coute et interpr\u00e9tation musicale\u00a0des divers orchestrations pour finalement vous construire en tant que danseur(euse) au style refl\u00e9tant\u00a0votre essence personnelle.<\/li>\n<li><strong>PARTENARIAT<\/strong>: Vous apprenez \u00e0 dialoguer dans le mouvement avec votre partenaire en vous d\u00e9tachant de votre \u00e9go. Comprendre la notion de pr\u00e9sence \u00e0 l\u2019autre par une bonne connexion \u00e0 travers le corps mais aussi par l&rsquo;interm\u00e9diaire de la musique. Devenir un guideur attentif et attentionn\u00e9 d\u2019une part et permettre d\u2019autre part \u00e0 la guid\u00e9e de s\u2019abandonner en toute confiance tout en affirmant sa personnalit\u00e9 et sa musicalit\u00e9.<\/li>\n<li><strong>SOCIALE<\/strong>: La pratique du tango argentin dans le contexte du bal implique de multiples interactions avec les personnes pr\u00e9sentes dans la salle et les couples qui partagent la piste avec vous. La connaissance du \u00ab\u00a0code de la milonga\u00a0\u00bb (r\u00e8gles de de fonctionnement et de biens\u00e9ance\u00a0du bal) fait partie int\u00e9grante de la\u00a0pratique du tango. Elle contribue au bon fonctionnement de la soir\u00e9e et permet de maximiser le plaisir pour tous. Votre comportement individuel et de couple sur la piste et dans la salle ont une influence importante sur l\u2019\u00e9nergie et l\u2019ambiance du bal. Comment \u00eatre une inspiration pour les autres par votre\u00a0comportement est l\u2019objectif de cette dimension d\u2019apprentissage.<\/li>\n<\/ol>\n<p style=\"text-align: justify;\">Contactez-moi d\u00e8s maintenant pour planifiez votre premi\u00e8re <a href=\"https:\/\/tangocoach.ca\/cours\/prive\/\">classe priv\u00e9e<\/a> de tango argentin ou surveillez l\u2019horaire des activit\u00e9s en cours sur la <a href=\"https:\/\/tangocoach.ca\/\">page d&rsquo;accueil<\/a>.<\/p>\n","protected":false},"excerpt":{"rendered":"<p>\u00abApprendre\u00a0le tango n&rsquo;est pas \u00e0 propos de savoir faire mais plut\u00f4t de SAVOIR\u00a0\u00caTRE\u00a0&#8230;\u00bb Pourquoi apprendre le tango ? Pour le plaisir !!!\u00a0\u00a0Avant toute autre chose, l\u2019apprentissage du tango est un loisir qui, pour la tr\u00e8s grande majorit\u00e9 des gens, a comme but de se pratiquer dans un contexte social et ludique. Tango Coach, quoiqu\u2019il puisse [&hellip;]<\/p>\n","protected":false},"author":1,"featured_media":0,"parent":0,"menu_order":3,"comment_status":"open","ping_status":"closed","template":"","meta":{"_genesis_hide_title":false,"_genesis_hide_breadcrumbs":false,"_genesis_hide_singular_image":false,"_genesis_hide_footer_widgets":false,"_genesis_custom_body_class":"","_genesis_custom_post_class":"","_genesis_layout":"","footnotes":""},"class_list":{"0":"post-51","1":"page","2":"type-page","3":"status-publish","5":"entry"},"yoast_head":"<!-- This site is optimized with the Yoast SEO plugin v27.5 - https:\/\/yoast.com\/product\/yoast-seo-wordpress\/ -->\n<title>P\u00e9dagogie - Tango Coach<\/title>\n<meta name=\"robots\" content=\"index, follow, max-snippet:-1, max-image-preview:large, max-video-preview:-1\" \/>\n<link rel=\"canonical\" href=\"https:\/\/tangocoach.ca\/?page_id=51\" \/>\n<meta property=\"og:locale\" content=\"fr_FR\" \/>\n<meta property=\"og:type\" content=\"article\" \/>\n<meta property=\"og:title\" content=\"P\u00e9dagogie - Tango Coach\" \/>\n<meta property=\"og:description\" content=\"\u00abApprendre\u00a0le tango n&rsquo;est pas \u00e0 propos de savoir faire mais plut\u00f4t de SAVOIR\u00a0\u00caTRE\u00a0&#8230;\u00bb Pourquoi apprendre le tango ? Pour le plaisir !!!\u00a0\u00a0Avant toute autre chose, l\u2019apprentissage du tango est un loisir qui, pour la tr\u00e8s grande majorit\u00e9 des gens, a comme but de se pratiquer dans un contexte social et ludique. Tango Coach, quoiqu\u2019il puisse [&hellip;]\" \/>\n<meta property=\"og:url\" content=\"https:\/\/tangocoach.ca\/?page_id=51\" \/>\n<meta property=\"og:site_name\" content=\"Tango Coach\" \/>\n<meta property=\"article:publisher\" content=\"https:\/\/www.facebook.com\/TangoCoach1\/\" \/>\n<meta property=\"article:modified_time\" content=\"2024-10-27T20:32:37+00:00\" \/>\n<meta name=\"twitter:card\" content=\"summary_large_image\" \/>\n<meta name=\"twitter:label1\" content=\"Dur\u00e9e de lecture estim\u00e9e\" \/>\n\t<meta name=\"twitter:data1\" content=\"3 minutes\" \/>\n<script type=\"application\/ld+json\" class=\"yoast-schema-graph\">{\"@context\":\"https:\\\/\\\/schema.org\",\"@graph\":[{\"@type\":\"WebPage\",\"@id\":\"https:\\\/\\\/tangocoach.ca\\\/?page_id=51\",\"url\":\"https:\\\/\\\/tangocoach.ca\\\/?page_id=51\",\"name\":\"P\u00e9dagogie - Tango Coach\",\"isPartOf\":{\"@id\":\"https:\\\/\\\/tangocoach.ca\\\/#website\"},\"datePublished\":\"2015-03-02T04:18:30+00:00\",\"dateModified\":\"2024-10-27T20:32:37+00:00\",\"breadcrumb\":{\"@id\":\"https:\\\/\\\/tangocoach.ca\\\/?page_id=51#breadcrumb\"},\"inLanguage\":\"fr-FR\",\"potentialAction\":[{\"@type\":\"ReadAction\",\"target\":[\"https:\\\/\\\/tangocoach.ca\\\/?page_id=51\"]}]},{\"@type\":\"BreadcrumbList\",\"@id\":\"https:\\\/\\\/tangocoach.ca\\\/?page_id=51#breadcrumb\",\"itemListElement\":[{\"@type\":\"ListItem\",\"position\":1,\"name\":\"Accueil\",\"item\":\"https:\\\/\\\/tangocoach.ca\\\/\"},{\"@type\":\"ListItem\",\"position\":2,\"name\":\"P\u00e9dagogie\"}]},{\"@type\":\"WebSite\",\"@id\":\"https:\\\/\\\/tangocoach.ca\\\/#website\",\"url\":\"https:\\\/\\\/tangocoach.ca\\\/\",\"name\":\"Tango Coach\",\"description\":\"Formateur en tango argentin\",\"publisher\":{\"@id\":\"https:\\\/\\\/tangocoach.ca\\\/#organization\"},\"potentialAction\":[{\"@type\":\"SearchAction\",\"target\":{\"@type\":\"EntryPoint\",\"urlTemplate\":\"https:\\\/\\\/tangocoach.ca\\\/?s={search_term_string}\"},\"query-input\":{\"@type\":\"PropertyValueSpecification\",\"valueRequired\":true,\"valueName\":\"search_term_string\"}}],\"inLanguage\":\"fr-FR\"},{\"@type\":\"Organization\",\"@id\":\"https:\\\/\\\/tangocoach.ca\\\/#organization\",\"name\":\"Tango Coach\",\"url\":\"https:\\\/\\\/tangocoach.ca\\\/\",\"logo\":{\"@type\":\"ImageObject\",\"inLanguage\":\"fr-FR\",\"@id\":\"https:\\\/\\\/tangocoach.ca\\\/#\\\/schema\\\/logo\\\/image\\\/\",\"url\":\"https:\\\/\\\/tangocoach.ca\\\/wp-content\\\/uploads\\\/2016\\\/11\\\/Carte-siteweb-TC-e1479315339937.jpg\",\"contentUrl\":\"https:\\\/\\\/tangocoach.ca\\\/wp-content\\\/uploads\\\/2016\\\/11\\\/Carte-siteweb-TC-e1479315339937.jpg\",\"width\":1024,\"height\":576,\"caption\":\"Tango Coach\"},\"image\":{\"@id\":\"https:\\\/\\\/tangocoach.ca\\\/#\\\/schema\\\/logo\\\/image\\\/\"},\"sameAs\":[\"https:\\\/\\\/www.facebook.com\\\/TangoCoach1\\\/\",\"https:\\\/\\\/www.youtube.com\\\/playlist?list=PLJTAceLZh9blHMtVrq1gvjyQqEaS0o6za\"]}]}<\/script>\n<!-- \/ Yoast SEO plugin. -->","yoast_head_json":{"title":"P\u00e9dagogie - Tango Coach","robots":{"index":"index","follow":"follow","max-snippet":"max-snippet:-1","max-image-preview":"max-image-preview:large","max-video-preview":"max-video-preview:-1"},"canonical":"https:\/\/tangocoach.ca\/?page_id=51","og_locale":"fr_FR","og_type":"article","og_title":"P\u00e9dagogie - Tango Coach","og_description":"\u00abApprendre\u00a0le tango n&rsquo;est pas \u00e0 propos de savoir faire mais plut\u00f4t de SAVOIR\u00a0\u00caTRE\u00a0&#8230;\u00bb Pourquoi apprendre le tango ? Pour le plaisir !!!\u00a0\u00a0Avant toute autre chose, l\u2019apprentissage du tango est un loisir qui, pour la tr\u00e8s grande majorit\u00e9 des gens, a comme but de se pratiquer dans un contexte social et ludique. Tango Coach, quoiqu\u2019il puisse [&hellip;]","og_url":"https:\/\/tangocoach.ca\/?page_id=51","og_site_name":"Tango Coach","article_publisher":"https:\/\/www.facebook.com\/TangoCoach1\/","article_modified_time":"2024-10-27T20:32:37+00:00","twitter_card":"summary_large_image","twitter_misc":{"Dur\u00e9e de lecture estim\u00e9e":"3 minutes"},"schema":{"@context":"https:\/\/schema.org","@graph":[{"@type":"WebPage","@id":"https:\/\/tangocoach.ca\/?page_id=51","url":"https:\/\/tangocoach.ca\/?page_id=51","name":"P\u00e9dagogie - Tango Coach","isPartOf":{"@id":"https:\/\/tangocoach.ca\/#website"},"datePublished":"2015-03-02T04:18:30+00:00","dateModified":"2024-10-27T20:32:37+00:00","breadcrumb":{"@id":"https:\/\/tangocoach.ca\/?page_id=51#breadcrumb"},"inLanguage":"fr-FR","potentialAction":[{"@type":"ReadAction","target":["https:\/\/tangocoach.ca\/?page_id=51"]}]},{"@type":"BreadcrumbList","@id":"https:\/\/tangocoach.ca\/?page_id=51#breadcrumb","itemListElement":[{"@type":"ListItem","position":1,"name":"Accueil","item":"https:\/\/tangocoach.ca\/"},{"@type":"ListItem","position":2,"name":"P\u00e9dagogie"}]},{"@type":"WebSite","@id":"https:\/\/tangocoach.ca\/#website","url":"https:\/\/tangocoach.ca\/","name":"Tango Coach","description":"Formateur en tango argentin","publisher":{"@id":"https:\/\/tangocoach.ca\/#organization"},"potentialAction":[{"@type":"SearchAction","target":{"@type":"EntryPoint","urlTemplate":"https:\/\/tangocoach.ca\/?s={search_term_string}"},"query-input":{"@type":"PropertyValueSpecification","valueRequired":true,"valueName":"search_term_string"}}],"inLanguage":"fr-FR"},{"@type":"Organization","@id":"https:\/\/tangocoach.ca\/#organization","name":"Tango Coach","url":"https:\/\/tangocoach.ca\/","logo":{"@type":"ImageObject","inLanguage":"fr-FR","@id":"https:\/\/tangocoach.ca\/#\/schema\/logo\/image\/","url":"https:\/\/tangocoach.ca\/wp-content\/uploads\/2016\/11\/Carte-siteweb-TC-e1479315339937.jpg","contentUrl":"https:\/\/tangocoach.ca\/wp-content\/uploads\/2016\/11\/Carte-siteweb-TC-e1479315339937.jpg","width":1024,"height":576,"caption":"Tango Coach"},"image":{"@id":"https:\/\/tangocoach.ca\/#\/schema\/logo\/image\/"},"sameAs":["https:\/\/www.facebook.com\/TangoCoach1\/","https:\/\/www.youtube.com\/playlist?list=PLJTAceLZh9blHMtVrq1gvjyQqEaS0o6za"]}]}},"_links":{"self":[{"href":"https:\/\/tangocoach.ca\/index.php?rest_route=\/wp\/v2\/pages\/51","targetHints":{"allow":["GET"]}}],"collection":[{"href":"https:\/\/tangocoach.ca\/index.php?rest_route=\/wp\/v2\/pages"}],"about":[{"href":"https:\/\/tangocoach.ca\/index.php?rest_route=\/wp\/v2\/types\/page"}],"author":[{"embeddable":true,"href":"https:\/\/tangocoach.ca\/index.php?rest_route=\/wp\/v2\/users\/1"}],"replies":[{"embeddable":true,"href":"https:\/\/tangocoach.ca\/index.php?rest_route=%2Fwp%2Fv2%2Fcomments&post=51"}],"version-history":[{"count":21,"href":"https:\/\/tangocoach.ca\/index.php?rest_route=\/wp\/v2\/pages\/51\/revisions"}],"predecessor-version":[{"id":1490,"href":"https:\/\/tangocoach.ca\/index.php?rest_route=\/wp\/v2\/pages\/51\/revisions\/1490"}],"wp:attachment":[{"href":"https:\/\/tangocoach.ca\/index.php?rest_route=%2Fwp%2Fv2%2Fmedia&parent=51"}],"curies":[{"name":"wp","href":"https:\/\/api.w.org\/{rel}","templated":true}]}}