{"id":302,"date":"2015-03-15T06:27:43","date_gmt":"2015-03-15T06:27:43","guid":{"rendered":"https:\/\/tangocoach.ca\/?page_id=302"},"modified":"2024-10-27T16:26:42","modified_gmt":"2024-10-27T20:26:42","slug":"ateliers","status":"publish","type":"page","link":"https:\/\/tangocoach.ca\/?page_id=302","title":{"rendered":"Ateliers"},"content":{"rendered":"<div id=\"pl-302\"  class=\"panel-layout\" ><div id=\"pg-302-0\"  class=\"panel-grid panel-no-style\" ><div id=\"pgc-302-0-0\"  class=\"panel-grid-cell\" ><div id=\"panel-302-0-0-0\" class=\"so-panel widget widget_black-studio-tinymce widget_black_studio_tinymce panel-first-child panel-last-child\" data-index=\"0\" ><div class=\"panel-widget-style panel-widget-style-for-302-0-0-0\" ><div class=\"textwidget\"><h5 style=\"text-align: center;\">Nos ateliers les plus en demande<\/h5>\n<h4>Secrets de milongueros(as)<\/h4>\n<p>Tel que son nom l'indique, c'est un secret ! Vous voudrez suivre cet atelier \u00e0 tout prix pour apprivoiser tout ce qui fait les qualit\u00e9s des grands danseurs et grandes danseuses de tango dans un contexte social (milongueros). Pour que chaque danse soit un moment d'\u00e9motion inoubliable! Tango Coach vous livre ici ce que le tango argentin offre de plus pr\u00e9cieux.<\/p>\n<h4>Nos pas pr\u00e9f\u00e9r\u00e9s<\/h4>\n<p>Interpr\u00e9tation et dynamique de nos pas pr\u00e9f\u00e9r\u00e9s en fonction de la musique et de la circulation. Pas, s\u00e9quences et variations adapt\u00e9s pour le bal en abrazo ferm\u00e9, accessibles, originaux et versatiles ! Niveau interm\u00e9diaire ou avanc\u00e9s.<\/p>\n<h4>Canyengue<\/h4>\n<p style=\"text-align: justify;\">La principale caract\u00e9ristique du style Canyengue est sa posture et sa musicalit\u00e9. On utilise la dissociation du corps pour la conduite en marchant en contact ferme avec le sol et utilisant des combinaisons de d\u00e9placement sur le temps et le demi-temps. Le Canyengue fait partie des origines et de l'\u00e9volution du tango argentin tel que l'on conna\u00eet aujourd'hui. Le Canyengue s'est d\u00e9velopp\u00e9\u00a0dans les ann\u00e9es 1880-1920, soit avant l'apparition du tango-salon.<\/p>\n<p><iframe loading=\"lazy\" src=\"https:\/\/www.youtube.com\/embed\/videoseries?list=PLJTAceLZh9bnFqWg2OnBLB8Z7urHFF9qx\" width=\"700\" height=\"394\" frameborder=\"0\" allowfullscreen=\"allowfullscreen\"><\/iframe><\/p>\n<h4 style=\"text-align: justify;\">Danser la musique<\/h4>\n<p style=\"text-align: justify;\">Danser sur la musique constitue une qualit\u00e9 \u00e9l\u00e9mentaire pour bien danser le tango. Quoique cela fasse l'unanimit\u00e9, combien r\u00e9ussisse vraiment \u00e0 transposer en mouvement la richesse de la musicalit\u00e9 du tango. Apprenez \u00e0 bouger non seulement sur le battement du tango mais en exploitant aussi les rythmes vari\u00e9s (demi-temps, syncop\u00e9s) et la m\u00e9lodie ou la voix du chanteur trop souvent oubli\u00e9e. Guideur comme guid\u00e9e trouveront dans cet atelier des opportunit\u00e9s d'expression musicale insoup\u00e7onn\u00e9es.<\/p>\n<h4 style=\"text-align: justify;\">H\u00e9\u00e9 ! Monsieur !<\/h4>\n<p style=\"text-align: justify;\">Un entra\u00eenement s\u00e9rieux et rigoureux pour les guideurs qui veulent atteindre de nouveaux sommets dans leur danse ! Des exercices qui entraineront votre corps \u00e0 trouver un meilleur \u00e9quilibre, d\u00e9velopper une musicalit\u00e9 riche et originale, acqu\u00e9rir une aisance naturelle dans les mouvements par un contr\u00f4le de l\u2019\u00e9nergie et une d\u00e9tente du corps. \u00c0 votre retour en piste, madame pourrait bien s\u2019\u00e9crier \u00ab H\u00e9\u00e9! Monsieur! \u00bb.<\/p>\n<h4 style=\"text-align: justify;\">Apprivoiser la Milonga<\/h4>\n<p style=\"text-align: justify;\">Domptez la \u00ab b\u00eate \u00bb une fois pour toute et dansez la milonga comme un poisson dans l\u2019eau gr\u00e2ce \u00e0 une approche simple ax\u00e9e sur le jeu et la surprise. D\u00e9veloppez votre habilit\u00e9 \u00e0 travailler efficacement avec le sol, \u00e0 \u00eatre dynamique tout en restant calme, et d\u00e9velopper une super-connexion avec votre partenaire.\u00a0Et vous qui croyez avoir \u00e0 suer pour danser la milonga !<\/p>\n<h4 style=\"text-align: justify;\">Apprivoiser la Valse-Tango<\/h4>\n<p style=\"text-align: justify;\">Laissez-vous vous emporter par la riche musicalit\u00e9 de la valse et distinguez-vous sur la piste gr\u00e2ce \u00e0 de multiples possibilit\u00e9s et variantes qu\u2019elle permet. En puisant dans les encha\u00eenements communs du tango, vous verrez comment adapter certains de vos mouvements en vue de vous fusionner \u00e0 cette musique enlevante. Bien s\u00fbr, nous en profiterons pour tourner, tourner, tourner.<\/p>\n<h4 style=\"text-align: justify;\">Maniaques de Milonga (AVANC\u00c9)<\/h4>\n<p style=\"text-align: justify;\">Pour consolider votre connexion avec le sol et votre partenaire ainsi que votre aisance dans les milonga lentes comme les plus rapides. Exploration des diverses musicalit\u00e9s et styles (liso, traspie, falcety\u2026) \u00e0 travers des figures originales et surprenantes. Pr\u00e9requis : Minimum &gt; 2 ans de tango pour le guideur et &gt;1 an pour la guid\u00e9e sont recommand\u00e9s.<\/p>\n<h4 style=\"text-align: justify;\">Maniaques de Valse-Tango (AVANC\u00c9)<\/h4>\n<p style=\"text-align: justify;\">Ce cours est tout indiqu\u00e9 pour enrichir votre cr\u00e9ativit\u00e9 musicale sur la valse tout en raffinant votre technique de tours en posture rapproch\u00e9e et votre aisance sur la piste en situation de trafic intense. Pr\u00e9requis : Minimum &gt; 2 ans de tango pour le guideur et &gt;1 an pour la guid\u00e9e sont recommand\u00e9s.<\/p>\n<\/div><\/div><\/div><\/div><\/div><\/div>","protected":false},"excerpt":{"rendered":"<p>Nos ateliers les plus en demande Secrets de milongueros(as) Tel que son nom l&rsquo;indique, c&rsquo;est un secret ! Vous voudrez suivre cet atelier \u00e0 tout prix pour apprivoiser tout ce qui fait les qualit\u00e9s des grands danseurs et grandes danseuses de tango dans un contexte social (milongueros). Pour que chaque danse soit un moment d&rsquo;\u00e9motion [&hellip;]<\/p>\n","protected":false},"author":1,"featured_media":0,"parent":0,"menu_order":0,"comment_status":"open","ping_status":"closed","template":"","meta":{"_genesis_hide_title":false,"_genesis_hide_breadcrumbs":false,"_genesis_hide_singular_image":false,"_genesis_hide_footer_widgets":false,"_genesis_custom_body_class":"","_genesis_custom_post_class":"","_genesis_layout":"content-sidebar","footnotes":""},"class_list":{"0":"post-302","1":"page","2":"type-page","3":"status-publish","5":"entry"},"yoast_head":"<!-- This site is optimized with the Yoast SEO plugin v27.5 - https:\/\/yoast.com\/product\/yoast-seo-wordpress\/ -->\n<title>Ateliers - Tango Coach<\/title>\n<meta name=\"robots\" content=\"index, follow, max-snippet:-1, max-image-preview:large, max-video-preview:-1\" \/>\n<link rel=\"canonical\" href=\"https:\/\/tangocoach.ca\/?page_id=302\" \/>\n<meta property=\"og:locale\" content=\"fr_FR\" \/>\n<meta property=\"og:type\" content=\"article\" \/>\n<meta property=\"og:title\" content=\"Ateliers - Tango Coach\" \/>\n<meta property=\"og:description\" content=\"Nos ateliers les plus en demande Secrets de milongueros(as) Tel que son nom l&#039;indique, c&#039;est un secret ! Vous voudrez suivre cet atelier \u00e0 tout prix pour apprivoiser tout ce qui fait les qualit\u00e9s des grands danseurs et grandes danseuses de tango dans un contexte social (milongueros). Pour que chaque danse soit un moment d&#039;\u00e9motion [&hellip;]\" \/>\n<meta property=\"og:url\" content=\"https:\/\/tangocoach.ca\/?page_id=302\" \/>\n<meta property=\"og:site_name\" content=\"Tango Coach\" \/>\n<meta property=\"article:publisher\" content=\"https:\/\/www.facebook.com\/TangoCoach1\/\" \/>\n<meta property=\"article:modified_time\" content=\"2024-10-27T20:26:42+00:00\" \/>\n<meta name=\"twitter:card\" content=\"summary_large_image\" \/>\n<meta name=\"twitter:label1\" content=\"Dur\u00e9e de lecture estim\u00e9e\" \/>\n\t<meta name=\"twitter:data1\" content=\"3 minutes\" \/>\n<script type=\"application\/ld+json\" class=\"yoast-schema-graph\">{\"@context\":\"https:\\\/\\\/schema.org\",\"@graph\":[{\"@type\":\"WebPage\",\"@id\":\"https:\\\/\\\/tangocoach.ca\\\/?page_id=302\",\"url\":\"https:\\\/\\\/tangocoach.ca\\\/?page_id=302\",\"name\":\"Ateliers - Tango Coach\",\"isPartOf\":{\"@id\":\"https:\\\/\\\/tangocoach.ca\\\/#website\"},\"datePublished\":\"2015-03-15T06:27:43+00:00\",\"dateModified\":\"2024-10-27T20:26:42+00:00\",\"breadcrumb\":{\"@id\":\"https:\\\/\\\/tangocoach.ca\\\/?page_id=302#breadcrumb\"},\"inLanguage\":\"fr-FR\",\"potentialAction\":[{\"@type\":\"ReadAction\",\"target\":[\"https:\\\/\\\/tangocoach.ca\\\/?page_id=302\"]}]},{\"@type\":\"BreadcrumbList\",\"@id\":\"https:\\\/\\\/tangocoach.ca\\\/?page_id=302#breadcrumb\",\"itemListElement\":[{\"@type\":\"ListItem\",\"position\":1,\"name\":\"Accueil\",\"item\":\"https:\\\/\\\/tangocoach.ca\\\/\"},{\"@type\":\"ListItem\",\"position\":2,\"name\":\"Ateliers\"}]},{\"@type\":\"WebSite\",\"@id\":\"https:\\\/\\\/tangocoach.ca\\\/#website\",\"url\":\"https:\\\/\\\/tangocoach.ca\\\/\",\"name\":\"Tango Coach\",\"description\":\"Formateur en tango argentin\",\"publisher\":{\"@id\":\"https:\\\/\\\/tangocoach.ca\\\/#organization\"},\"potentialAction\":[{\"@type\":\"SearchAction\",\"target\":{\"@type\":\"EntryPoint\",\"urlTemplate\":\"https:\\\/\\\/tangocoach.ca\\\/?s={search_term_string}\"},\"query-input\":{\"@type\":\"PropertyValueSpecification\",\"valueRequired\":true,\"valueName\":\"search_term_string\"}}],\"inLanguage\":\"fr-FR\"},{\"@type\":\"Organization\",\"@id\":\"https:\\\/\\\/tangocoach.ca\\\/#organization\",\"name\":\"Tango Coach\",\"url\":\"https:\\\/\\\/tangocoach.ca\\\/\",\"logo\":{\"@type\":\"ImageObject\",\"inLanguage\":\"fr-FR\",\"@id\":\"https:\\\/\\\/tangocoach.ca\\\/#\\\/schema\\\/logo\\\/image\\\/\",\"url\":\"https:\\\/\\\/tangocoach.ca\\\/wp-content\\\/uploads\\\/2016\\\/11\\\/Carte-siteweb-TC-e1479315339937.jpg\",\"contentUrl\":\"https:\\\/\\\/tangocoach.ca\\\/wp-content\\\/uploads\\\/2016\\\/11\\\/Carte-siteweb-TC-e1479315339937.jpg\",\"width\":1024,\"height\":576,\"caption\":\"Tango Coach\"},\"image\":{\"@id\":\"https:\\\/\\\/tangocoach.ca\\\/#\\\/schema\\\/logo\\\/image\\\/\"},\"sameAs\":[\"https:\\\/\\\/www.facebook.com\\\/TangoCoach1\\\/\",\"https:\\\/\\\/www.youtube.com\\\/playlist?list=PLJTAceLZh9blHMtVrq1gvjyQqEaS0o6za\"]}]}<\/script>\n<!-- \/ Yoast SEO plugin. -->","yoast_head_json":{"title":"Ateliers - Tango Coach","robots":{"index":"index","follow":"follow","max-snippet":"max-snippet:-1","max-image-preview":"max-image-preview:large","max-video-preview":"max-video-preview:-1"},"canonical":"https:\/\/tangocoach.ca\/?page_id=302","og_locale":"fr_FR","og_type":"article","og_title":"Ateliers - Tango Coach","og_description":"Nos ateliers les plus en demande Secrets de milongueros(as) Tel que son nom l'indique, c'est un secret ! Vous voudrez suivre cet atelier \u00e0 tout prix pour apprivoiser tout ce qui fait les qualit\u00e9s des grands danseurs et grandes danseuses de tango dans un contexte social (milongueros). Pour que chaque danse soit un moment d'\u00e9motion [&hellip;]","og_url":"https:\/\/tangocoach.ca\/?page_id=302","og_site_name":"Tango Coach","article_publisher":"https:\/\/www.facebook.com\/TangoCoach1\/","article_modified_time":"2024-10-27T20:26:42+00:00","twitter_card":"summary_large_image","twitter_misc":{"Dur\u00e9e de lecture estim\u00e9e":"3 minutes"},"schema":{"@context":"https:\/\/schema.org","@graph":[{"@type":"WebPage","@id":"https:\/\/tangocoach.ca\/?page_id=302","url":"https:\/\/tangocoach.ca\/?page_id=302","name":"Ateliers - Tango Coach","isPartOf":{"@id":"https:\/\/tangocoach.ca\/#website"},"datePublished":"2015-03-15T06:27:43+00:00","dateModified":"2024-10-27T20:26:42+00:00","breadcrumb":{"@id":"https:\/\/tangocoach.ca\/?page_id=302#breadcrumb"},"inLanguage":"fr-FR","potentialAction":[{"@type":"ReadAction","target":["https:\/\/tangocoach.ca\/?page_id=302"]}]},{"@type":"BreadcrumbList","@id":"https:\/\/tangocoach.ca\/?page_id=302#breadcrumb","itemListElement":[{"@type":"ListItem","position":1,"name":"Accueil","item":"https:\/\/tangocoach.ca\/"},{"@type":"ListItem","position":2,"name":"Ateliers"}]},{"@type":"WebSite","@id":"https:\/\/tangocoach.ca\/#website","url":"https:\/\/tangocoach.ca\/","name":"Tango Coach","description":"Formateur en tango argentin","publisher":{"@id":"https:\/\/tangocoach.ca\/#organization"},"potentialAction":[{"@type":"SearchAction","target":{"@type":"EntryPoint","urlTemplate":"https:\/\/tangocoach.ca\/?s={search_term_string}"},"query-input":{"@type":"PropertyValueSpecification","valueRequired":true,"valueName":"search_term_string"}}],"inLanguage":"fr-FR"},{"@type":"Organization","@id":"https:\/\/tangocoach.ca\/#organization","name":"Tango Coach","url":"https:\/\/tangocoach.ca\/","logo":{"@type":"ImageObject","inLanguage":"fr-FR","@id":"https:\/\/tangocoach.ca\/#\/schema\/logo\/image\/","url":"https:\/\/tangocoach.ca\/wp-content\/uploads\/2016\/11\/Carte-siteweb-TC-e1479315339937.jpg","contentUrl":"https:\/\/tangocoach.ca\/wp-content\/uploads\/2016\/11\/Carte-siteweb-TC-e1479315339937.jpg","width":1024,"height":576,"caption":"Tango Coach"},"image":{"@id":"https:\/\/tangocoach.ca\/#\/schema\/logo\/image\/"},"sameAs":["https:\/\/www.facebook.com\/TangoCoach1\/","https:\/\/www.youtube.com\/playlist?list=PLJTAceLZh9blHMtVrq1gvjyQqEaS0o6za"]}]}},"_links":{"self":[{"href":"https:\/\/tangocoach.ca\/index.php?rest_route=\/wp\/v2\/pages\/302","targetHints":{"allow":["GET"]}}],"collection":[{"href":"https:\/\/tangocoach.ca\/index.php?rest_route=\/wp\/v2\/pages"}],"about":[{"href":"https:\/\/tangocoach.ca\/index.php?rest_route=\/wp\/v2\/types\/page"}],"author":[{"embeddable":true,"href":"https:\/\/tangocoach.ca\/index.php?rest_route=\/wp\/v2\/users\/1"}],"replies":[{"embeddable":true,"href":"https:\/\/tangocoach.ca\/index.php?rest_route=%2Fwp%2Fv2%2Fcomments&post=302"}],"version-history":[{"count":30,"href":"https:\/\/tangocoach.ca\/index.php?rest_route=\/wp\/v2\/pages\/302\/revisions"}],"predecessor-version":[{"id":1488,"href":"https:\/\/tangocoach.ca\/index.php?rest_route=\/wp\/v2\/pages\/302\/revisions\/1488"}],"wp:attachment":[{"href":"https:\/\/tangocoach.ca\/index.php?rest_route=%2Fwp%2Fv2%2Fmedia&parent=302"}],"curies":[{"name":"wp","href":"https:\/\/api.w.org\/{rel}","templated":true}]}}