{"id":171,"date":"2015-03-03T05:33:04","date_gmt":"2015-03-03T05:33:04","guid":{"rendered":"https:\/\/tangocoach.ca\/?page_id=171"},"modified":"2024-10-27T16:00:21","modified_gmt":"2024-10-27T20:00:21","slug":"bio","status":"publish","type":"page","link":"https:\/\/tangocoach.ca\/?page_id=171","title":{"rendered":"Biographie"},"content":{"rendered":"<div id=\"pl-171\"  class=\"panel-layout\" ><div id=\"pg-171-0\"  class=\"panel-grid panel-no-style\" ><div id=\"pgc-171-0-0\"  class=\"panel-grid-cell\" ><div id=\"panel-171-0-0-0\" class=\"so-panel widget widget_black-studio-tinymce widget_black_studio_tinymce panel-first-child panel-last-child\" data-index=\"0\" ><div class=\"textwidget\"><h4><img loading=\"lazy\" decoding=\"async\" class=\"size-full wp-image-1474 alignleft\" src=\"https:\/\/tangocoach.ca\/wp-content\/uploads\/2024\/10\/Biopict.jpg\" alt=\"\" width=\"281\" height=\"300\" \/><strong>Bernard Caron<br \/>\n<\/strong>Enseignant et milonguero<\/h4>\n<h6><em>\u00abJe ne saurais dire si ma passion du tango surpasse celle\u00a0de transmettre et d'enseigner...\u00bb<\/em><\/h6>\n<p style=\"text-align: justify;\">C\u2019est au contact des grands milongueros et milongueras, lors de ses multiples voyages \u00e0 Buenos Aires, qu\u2019il d\u00e9veloppe son propre style, \u00e9l\u00e9gant, pr\u00e9cis et inspirant. Bernard enseigne le tango depuis 2002, d'abord en partenariat avec Caroline Demers pendant 10 ans. Tous deux dirigent alors l\u2019\u00e9cole <a href=\"https:\/\/tangorico.com\/accueil\" target=\"_blank\" rel=\"noopener\"><em>Tango Rico<\/em><\/a> \u00e0 Chambly. Bernard a collabor\u00e9 depuis avec divers professeurs de r\u00e9putation tels que ceux de l'\u00e9quipe d'<em><a href=\"https:\/\/www.facebook.com\/AirDeTango\/\" target=\"_blank\" rel=\"noopener\">Air de tango<\/a>, <\/em>de<a href=\"https:\/\/www.linkedin.com\/in\/corinne-krikorian-78686145\/\" target=\"_blank\" rel=\"noopener\"><em> Tango Bell'Anima <\/em><\/a>et de<a href=\"https:\/\/motstango.com\/\" target=\"_blank\" rel=\"noopener\"><em> Mots et Tango<\/em><\/a>, sans oublier sa complice actuelle et partenaire, la p\u00e9tillante <em>Sybille Belot.<\/em><\/p>\n<p style=\"text-align: justify;\">Bernard s'implique constamment dans la communaut\u00e9 tango du Qu\u00e9bec. Il est l\u2019initiateur depuis 2003 du fameux <a href=\"http:\/\/tangoexpress.org\" target=\"_blank\" rel=\"noopener\"><em>Tango Express<\/em><\/a>, bulletin \u00e9lectronique d\u2019information gratuit sur l\u2019actualit\u00e9 du tango au Qu\u00e9bec. \u00c0 titre d'organisateur minutieux, il a coorganis\u00e9 les deux \u00e9ditions du festival de tango <em>Montr\u00e9al aime le tango,<\/em> et le premier encuentro milonguero du Canada, <em><a href=\"https:\/\/www.madameivonne.ca\/\" target=\"_blank\" rel=\"noopener\">Madame Ivonne<\/a><\/em>, en collaboration avec <a href=\"https:\/\/fr.tangosoul.org\/\" target=\"_blank\" rel=\"noopener\">Tango Soul<\/a>. <img loading=\"lazy\" decoding=\"async\" class=\"size-full wp-image-1480 alignright\" src=\"https:\/\/tangocoach.ca\/wp-content\/uploads\/2024\/10\/PiCaron.jpg\" alt=\"\" width=\"300\" height=\"186\" \/>Enfin, \u00e0 titre de DJ, Bernard \"El PiCaron\" ne donne pas sa place aux platines avec une offre musicale qu'il cumule depuis 25 ans, vari\u00e9e et surprenante dans la tradition classique des milongas de Buenos Aires et des Encuentros d'Europe.<\/p>\n<p>&nbsp;<\/p>\n<\/div><\/div><\/div><\/div><\/div>","protected":false},"excerpt":{"rendered":"<p>Bernard Caron Enseignant et milonguero \u00abJe ne saurais dire si ma passion du tango surpasse celle\u00a0de transmettre et d&rsquo;enseigner&#8230;\u00bb C\u2019est au contact des grands milongueros et milongueras, lors de ses multiples voyages \u00e0 Buenos Aires, qu\u2019il d\u00e9veloppe son propre style, \u00e9l\u00e9gant, pr\u00e9cis et inspirant. Bernard enseigne le tango depuis 2002, d&rsquo;abord en partenariat avec Caroline [&hellip;]<\/p>\n","protected":false},"author":1,"featured_media":0,"parent":0,"menu_order":0,"comment_status":"open","ping_status":"open","template":"","meta":{"_genesis_hide_title":false,"_genesis_hide_breadcrumbs":false,"_genesis_hide_singular_image":false,"_genesis_hide_footer_widgets":false,"_genesis_custom_body_class":"","_genesis_custom_post_class":"","_genesis_layout":"","footnotes":""},"class_list":{"0":"post-171","1":"page","2":"type-page","3":"status-publish","5":"entry"},"yoast_head":"<!-- This site is optimized with the Yoast SEO plugin v27.5 - https:\/\/yoast.com\/product\/yoast-seo-wordpress\/ -->\n<title>Biographie - Tango Coach<\/title>\n<meta name=\"robots\" content=\"index, follow, max-snippet:-1, max-image-preview:large, max-video-preview:-1\" \/>\n<link rel=\"canonical\" href=\"https:\/\/tangocoach.ca\/?page_id=171\" \/>\n<meta property=\"og:locale\" content=\"fr_FR\" \/>\n<meta property=\"og:type\" content=\"article\" \/>\n<meta property=\"og:title\" content=\"Biographie - Tango Coach\" \/>\n<meta property=\"og:description\" content=\"Bernard Caron Enseignant et milonguero \u00abJe ne saurais dire si ma passion du tango surpasse celle\u00a0de transmettre et d&#039;enseigner...\u00bb C\u2019est au contact des grands milongueros et milongueras, lors de ses multiples voyages \u00e0 Buenos Aires, qu\u2019il d\u00e9veloppe son propre style, \u00e9l\u00e9gant, pr\u00e9cis et inspirant. Bernard enseigne le tango depuis 2002, d&#039;abord en partenariat avec Caroline [&hellip;]\" \/>\n<meta property=\"og:url\" content=\"https:\/\/tangocoach.ca\/?page_id=171\" \/>\n<meta property=\"og:site_name\" content=\"Tango Coach\" \/>\n<meta property=\"article:publisher\" content=\"https:\/\/www.facebook.com\/TangoCoach1\/\" \/>\n<meta property=\"article:modified_time\" content=\"2024-10-27T20:00:21+00:00\" \/>\n<meta property=\"og:image\" content=\"https:\/\/tangocoach.ca\/wp-content\/uploads\/2024\/10\/Biopict.jpg\" \/>\n<meta name=\"twitter:card\" content=\"summary_large_image\" \/>\n<meta name=\"twitter:label1\" content=\"Dur\u00e9e de lecture estim\u00e9e\" \/>\n\t<meta name=\"twitter:data1\" content=\"2 minutes\" \/>\n<script type=\"application\/ld+json\" class=\"yoast-schema-graph\">{\"@context\":\"https:\\\/\\\/schema.org\",\"@graph\":[{\"@type\":\"WebPage\",\"@id\":\"https:\\\/\\\/tangocoach.ca\\\/?page_id=171\",\"url\":\"https:\\\/\\\/tangocoach.ca\\\/?page_id=171\",\"name\":\"Biographie - Tango Coach\",\"isPartOf\":{\"@id\":\"https:\\\/\\\/tangocoach.ca\\\/#website\"},\"primaryImageOfPage\":{\"@id\":\"https:\\\/\\\/tangocoach.ca\\\/?page_id=171#primaryimage\"},\"image\":{\"@id\":\"https:\\\/\\\/tangocoach.ca\\\/?page_id=171#primaryimage\"},\"thumbnailUrl\":\"https:\\\/\\\/tangocoach.ca\\\/wp-content\\\/uploads\\\/2024\\\/10\\\/Biopict.jpg\",\"datePublished\":\"2015-03-03T05:33:04+00:00\",\"dateModified\":\"2024-10-27T20:00:21+00:00\",\"breadcrumb\":{\"@id\":\"https:\\\/\\\/tangocoach.ca\\\/?page_id=171#breadcrumb\"},\"inLanguage\":\"fr-FR\",\"potentialAction\":[{\"@type\":\"ReadAction\",\"target\":[\"https:\\\/\\\/tangocoach.ca\\\/?page_id=171\"]}]},{\"@type\":\"ImageObject\",\"inLanguage\":\"fr-FR\",\"@id\":\"https:\\\/\\\/tangocoach.ca\\\/?page_id=171#primaryimage\",\"url\":\"https:\\\/\\\/tangocoach.ca\\\/wp-content\\\/uploads\\\/2024\\\/10\\\/Biopict.jpg\",\"contentUrl\":\"https:\\\/\\\/tangocoach.ca\\\/wp-content\\\/uploads\\\/2024\\\/10\\\/Biopict.jpg\",\"width\":281,\"height\":300},{\"@type\":\"BreadcrumbList\",\"@id\":\"https:\\\/\\\/tangocoach.ca\\\/?page_id=171#breadcrumb\",\"itemListElement\":[{\"@type\":\"ListItem\",\"position\":1,\"name\":\"Accueil\",\"item\":\"https:\\\/\\\/tangocoach.ca\\\/\"},{\"@type\":\"ListItem\",\"position\":2,\"name\":\"Biographie\"}]},{\"@type\":\"WebSite\",\"@id\":\"https:\\\/\\\/tangocoach.ca\\\/#website\",\"url\":\"https:\\\/\\\/tangocoach.ca\\\/\",\"name\":\"Tango Coach\",\"description\":\"Formateur en tango argentin\",\"publisher\":{\"@id\":\"https:\\\/\\\/tangocoach.ca\\\/#organization\"},\"potentialAction\":[{\"@type\":\"SearchAction\",\"target\":{\"@type\":\"EntryPoint\",\"urlTemplate\":\"https:\\\/\\\/tangocoach.ca\\\/?s={search_term_string}\"},\"query-input\":{\"@type\":\"PropertyValueSpecification\",\"valueRequired\":true,\"valueName\":\"search_term_string\"}}],\"inLanguage\":\"fr-FR\"},{\"@type\":\"Organization\",\"@id\":\"https:\\\/\\\/tangocoach.ca\\\/#organization\",\"name\":\"Tango Coach\",\"url\":\"https:\\\/\\\/tangocoach.ca\\\/\",\"logo\":{\"@type\":\"ImageObject\",\"inLanguage\":\"fr-FR\",\"@id\":\"https:\\\/\\\/tangocoach.ca\\\/#\\\/schema\\\/logo\\\/image\\\/\",\"url\":\"https:\\\/\\\/tangocoach.ca\\\/wp-content\\\/uploads\\\/2016\\\/11\\\/Carte-siteweb-TC-e1479315339937.jpg\",\"contentUrl\":\"https:\\\/\\\/tangocoach.ca\\\/wp-content\\\/uploads\\\/2016\\\/11\\\/Carte-siteweb-TC-e1479315339937.jpg\",\"width\":1024,\"height\":576,\"caption\":\"Tango Coach\"},\"image\":{\"@id\":\"https:\\\/\\\/tangocoach.ca\\\/#\\\/schema\\\/logo\\\/image\\\/\"},\"sameAs\":[\"https:\\\/\\\/www.facebook.com\\\/TangoCoach1\\\/\",\"https:\\\/\\\/www.youtube.com\\\/playlist?list=PLJTAceLZh9blHMtVrq1gvjyQqEaS0o6za\"]}]}<\/script>\n<!-- \/ Yoast SEO plugin. -->","yoast_head_json":{"title":"Biographie - Tango Coach","robots":{"index":"index","follow":"follow","max-snippet":"max-snippet:-1","max-image-preview":"max-image-preview:large","max-video-preview":"max-video-preview:-1"},"canonical":"https:\/\/tangocoach.ca\/?page_id=171","og_locale":"fr_FR","og_type":"article","og_title":"Biographie - Tango Coach","og_description":"Bernard Caron Enseignant et milonguero \u00abJe ne saurais dire si ma passion du tango surpasse celle\u00a0de transmettre et d'enseigner...\u00bb C\u2019est au contact des grands milongueros et milongueras, lors de ses multiples voyages \u00e0 Buenos Aires, qu\u2019il d\u00e9veloppe son propre style, \u00e9l\u00e9gant, pr\u00e9cis et inspirant. Bernard enseigne le tango depuis 2002, d'abord en partenariat avec Caroline [&hellip;]","og_url":"https:\/\/tangocoach.ca\/?page_id=171","og_site_name":"Tango Coach","article_publisher":"https:\/\/www.facebook.com\/TangoCoach1\/","article_modified_time":"2024-10-27T20:00:21+00:00","og_image":[{"url":"https:\/\/tangocoach.ca\/wp-content\/uploads\/2024\/10\/Biopict.jpg","type":"","width":"","height":""}],"twitter_card":"summary_large_image","twitter_misc":{"Dur\u00e9e de lecture estim\u00e9e":"2 minutes"},"schema":{"@context":"https:\/\/schema.org","@graph":[{"@type":"WebPage","@id":"https:\/\/tangocoach.ca\/?page_id=171","url":"https:\/\/tangocoach.ca\/?page_id=171","name":"Biographie - Tango Coach","isPartOf":{"@id":"https:\/\/tangocoach.ca\/#website"},"primaryImageOfPage":{"@id":"https:\/\/tangocoach.ca\/?page_id=171#primaryimage"},"image":{"@id":"https:\/\/tangocoach.ca\/?page_id=171#primaryimage"},"thumbnailUrl":"https:\/\/tangocoach.ca\/wp-content\/uploads\/2024\/10\/Biopict.jpg","datePublished":"2015-03-03T05:33:04+00:00","dateModified":"2024-10-27T20:00:21+00:00","breadcrumb":{"@id":"https:\/\/tangocoach.ca\/?page_id=171#breadcrumb"},"inLanguage":"fr-FR","potentialAction":[{"@type":"ReadAction","target":["https:\/\/tangocoach.ca\/?page_id=171"]}]},{"@type":"ImageObject","inLanguage":"fr-FR","@id":"https:\/\/tangocoach.ca\/?page_id=171#primaryimage","url":"https:\/\/tangocoach.ca\/wp-content\/uploads\/2024\/10\/Biopict.jpg","contentUrl":"https:\/\/tangocoach.ca\/wp-content\/uploads\/2024\/10\/Biopict.jpg","width":281,"height":300},{"@type":"BreadcrumbList","@id":"https:\/\/tangocoach.ca\/?page_id=171#breadcrumb","itemListElement":[{"@type":"ListItem","position":1,"name":"Accueil","item":"https:\/\/tangocoach.ca\/"},{"@type":"ListItem","position":2,"name":"Biographie"}]},{"@type":"WebSite","@id":"https:\/\/tangocoach.ca\/#website","url":"https:\/\/tangocoach.ca\/","name":"Tango Coach","description":"Formateur en tango argentin","publisher":{"@id":"https:\/\/tangocoach.ca\/#organization"},"potentialAction":[{"@type":"SearchAction","target":{"@type":"EntryPoint","urlTemplate":"https:\/\/tangocoach.ca\/?s={search_term_string}"},"query-input":{"@type":"PropertyValueSpecification","valueRequired":true,"valueName":"search_term_string"}}],"inLanguage":"fr-FR"},{"@type":"Organization","@id":"https:\/\/tangocoach.ca\/#organization","name":"Tango Coach","url":"https:\/\/tangocoach.ca\/","logo":{"@type":"ImageObject","inLanguage":"fr-FR","@id":"https:\/\/tangocoach.ca\/#\/schema\/logo\/image\/","url":"https:\/\/tangocoach.ca\/wp-content\/uploads\/2016\/11\/Carte-siteweb-TC-e1479315339937.jpg","contentUrl":"https:\/\/tangocoach.ca\/wp-content\/uploads\/2016\/11\/Carte-siteweb-TC-e1479315339937.jpg","width":1024,"height":576,"caption":"Tango Coach"},"image":{"@id":"https:\/\/tangocoach.ca\/#\/schema\/logo\/image\/"},"sameAs":["https:\/\/www.facebook.com\/TangoCoach1\/","https:\/\/www.youtube.com\/playlist?list=PLJTAceLZh9blHMtVrq1gvjyQqEaS0o6za"]}]}},"_links":{"self":[{"href":"https:\/\/tangocoach.ca\/index.php?rest_route=\/wp\/v2\/pages\/171","targetHints":{"allow":["GET"]}}],"collection":[{"href":"https:\/\/tangocoach.ca\/index.php?rest_route=\/wp\/v2\/pages"}],"about":[{"href":"https:\/\/tangocoach.ca\/index.php?rest_route=\/wp\/v2\/types\/page"}],"author":[{"embeddable":true,"href":"https:\/\/tangocoach.ca\/index.php?rest_route=\/wp\/v2\/users\/1"}],"replies":[{"embeddable":true,"href":"https:\/\/tangocoach.ca\/index.php?rest_route=%2Fwp%2Fv2%2Fcomments&post=171"}],"version-history":[{"count":70,"href":"https:\/\/tangocoach.ca\/index.php?rest_route=\/wp\/v2\/pages\/171\/revisions"}],"predecessor-version":[{"id":1483,"href":"https:\/\/tangocoach.ca\/index.php?rest_route=\/wp\/v2\/pages\/171\/revisions\/1483"}],"wp:attachment":[{"href":"https:\/\/tangocoach.ca\/index.php?rest_route=%2Fwp%2Fv2%2Fmedia&parent=171"}],"curies":[{"name":"wp","href":"https:\/\/api.w.org\/{rel}","templated":true}]}}