{"id":117,"date":"2015-03-02T07:31:23","date_gmt":"2015-03-02T07:31:23","guid":{"rendered":"https:\/\/tangocoach.ca\/?page_id=117"},"modified":"2024-10-27T19:16:54","modified_gmt":"2024-10-27T23:16:54","slug":"liens","status":"publish","type":"page","link":"https:\/\/tangocoach.ca\/?page_id=117","title":{"rendered":"Liens"},"content":{"rendered":"<div id=\"pl-117\"  class=\"panel-layout\" ><div id=\"pg-117-0\"  class=\"panel-grid panel-no-style\" ><div id=\"pgc-117-0-0\"  class=\"panel-grid-cell\" ><div id=\"panel-117-0-0-0\" class=\"so-panel widget widget_black-studio-tinymce widget_black_studio_tinymce panel-first-child panel-last-child\" data-index=\"0\" ><div class=\"textwidget\"><h3>Quelques liens utiles<\/h3>\n<h4>\u00c9v\u00e9nements et ressources<\/h4>\n<ul>\n<li><a href=\"http:\/\/tangoexpress.org\" target=\"_blank\" rel=\"noopener\">Tango Express<\/a> (Le calendrier des \u00e9v\u00e9nements tango)<\/li>\n<\/ul>\n<h4>Groupes Facebook et sites Internet utiles<\/h4>\n<ul>\n<li><a href=\"https:\/\/www.facebook.com\/groups\/montrealtango\" target=\"_blank\" rel=\"noopener\">Montr\u00e9al Tango<\/a><\/li>\n<li><a href=\"https:\/\/www.facebook.com\/groups\/1933550103636447\" target=\"_blank\" rel=\"noopener\">Tango Montr\u00e9al<\/a><\/li>\n<li><a href=\"https:\/\/www.facebook.com\/groups\/385349888463062\" target=\"_blank\" rel=\"noopener\">Tango Rive-Sud et Mont\u00e9r\u00e9gie<\/a><\/li>\n<li><a href=\"https:\/\/www.facebook.com\/groups\/786734058393005\" target=\"_blank\" rel=\"noopener\">Tango grande r\u00e9gion m\u00e9tropolitaine<\/a><\/li>\n<li><a href=\"https:\/\/tangoquebec.org\/\" target=\"_blank\" rel=\"noopener\">Association Tango Qu\u00e9bec<\/a><\/li>\n<li><a href=\"https:\/\/abrazosbooks.com\/fr\/\" target=\"_blank\" rel=\"noopener\">Abrazos Books<\/a><\/li>\n<li><a href=\"https:\/\/tangotunes.com\/fr\/\" target=\"_blank\" rel=\"noopener\">Tango Tunes<\/a><\/li>\n<li><a href=\"https:\/\/www.todotango.com\/\" target=\"_blank\" rel=\"noopener\">Todo Tango<\/a><\/li>\n<\/ul>\n<h4>Tango Coach dans les m\u00e9dias<\/h4>\n<ul>\n<li style=\"list-style-type: none;\">\n<ul>\n<li>Cha\u00eene Youtube de Tango Coach<\/li>\n<\/ul>\n<\/li>\n<\/ul>\n<p><iframe loading=\"lazy\" src=\"https:\/\/www.youtube.com\/embed\/videoseries?list=PLJTAceLZh9blHMtVrq1gvjyQqEaS0o6za\" width=\"560\" height=\"315\" frameborder=\"0\" allowfullscreen=\"allowfullscreen\"><\/iframe><\/p>\n<\/div><\/div><\/div><\/div><\/div>","protected":false},"excerpt":{"rendered":"<p>Quelques liens utiles \u00c9v\u00e9nements et ressources Tango Express (Le calendrier des \u00e9v\u00e9nements tango) Groupes Facebook et sites Internet utiles Montr\u00e9al Tango Tango Montr\u00e9al Tango Rive-Sud et Mont\u00e9r\u00e9gie Tango grande r\u00e9gion m\u00e9tropolitaine Association Tango Qu\u00e9bec Abrazos Books Tango Tunes Todo Tango Tango Coach dans les m\u00e9dias Cha\u00eene Youtube de Tango Coach<\/p>\n","protected":false},"author":1,"featured_media":0,"parent":0,"menu_order":0,"comment_status":"open","ping_status":"open","template":"","meta":{"_genesis_hide_title":false,"_genesis_hide_breadcrumbs":false,"_genesis_hide_singular_image":false,"_genesis_hide_footer_widgets":false,"_genesis_custom_body_class":"","_genesis_custom_post_class":"","_genesis_layout":"","footnotes":""},"class_list":{"0":"post-117","1":"page","2":"type-page","3":"status-publish","5":"entry"},"yoast_head":"<!-- This site is optimized with the Yoast SEO plugin v27.5 - https:\/\/yoast.com\/product\/yoast-seo-wordpress\/ -->\n<title>Liens - Tango Coach<\/title>\n<meta name=\"robots\" content=\"index, follow, max-snippet:-1, max-image-preview:large, max-video-preview:-1\" \/>\n<link rel=\"canonical\" href=\"https:\/\/tangocoach.ca\/?page_id=117\" \/>\n<meta property=\"og:locale\" content=\"fr_FR\" \/>\n<meta property=\"og:type\" content=\"article\" \/>\n<meta property=\"og:title\" content=\"Liens - Tango Coach\" \/>\n<meta property=\"og:description\" content=\"Quelques liens utiles \u00c9v\u00e9nements et ressources Tango Express (Le calendrier des \u00e9v\u00e9nements tango) Groupes Facebook et sites Internet utiles Montr\u00e9al Tango Tango Montr\u00e9al Tango Rive-Sud et Mont\u00e9r\u00e9gie Tango grande r\u00e9gion m\u00e9tropolitaine Association Tango Qu\u00e9bec Abrazos Books Tango Tunes Todo Tango Tango Coach dans les m\u00e9dias Cha\u00eene Youtube de Tango Coach\" \/>\n<meta property=\"og:url\" content=\"https:\/\/tangocoach.ca\/?page_id=117\" \/>\n<meta property=\"og:site_name\" content=\"Tango Coach\" \/>\n<meta property=\"article:publisher\" content=\"https:\/\/www.facebook.com\/TangoCoach1\/\" \/>\n<meta property=\"article:modified_time\" content=\"2024-10-27T23:16:54+00:00\" \/>\n<meta name=\"twitter:card\" content=\"summary_large_image\" \/>\n<meta name=\"twitter:label1\" content=\"Dur\u00e9e de lecture estim\u00e9e\" \/>\n\t<meta name=\"twitter:data1\" content=\"1 minute\" \/>\n<script type=\"application\/ld+json\" class=\"yoast-schema-graph\">{\"@context\":\"https:\\\/\\\/schema.org\",\"@graph\":[{\"@type\":\"WebPage\",\"@id\":\"https:\\\/\\\/tangocoach.ca\\\/?page_id=117\",\"url\":\"https:\\\/\\\/tangocoach.ca\\\/?page_id=117\",\"name\":\"Liens - Tango Coach\",\"isPartOf\":{\"@id\":\"https:\\\/\\\/tangocoach.ca\\\/#website\"},\"datePublished\":\"2015-03-02T07:31:23+00:00\",\"dateModified\":\"2024-10-27T23:16:54+00:00\",\"breadcrumb\":{\"@id\":\"https:\\\/\\\/tangocoach.ca\\\/?page_id=117#breadcrumb\"},\"inLanguage\":\"fr-FR\",\"potentialAction\":[{\"@type\":\"ReadAction\",\"target\":[\"https:\\\/\\\/tangocoach.ca\\\/?page_id=117\"]}]},{\"@type\":\"BreadcrumbList\",\"@id\":\"https:\\\/\\\/tangocoach.ca\\\/?page_id=117#breadcrumb\",\"itemListElement\":[{\"@type\":\"ListItem\",\"position\":1,\"name\":\"Accueil\",\"item\":\"https:\\\/\\\/tangocoach.ca\\\/\"},{\"@type\":\"ListItem\",\"position\":2,\"name\":\"Liens\"}]},{\"@type\":\"WebSite\",\"@id\":\"https:\\\/\\\/tangocoach.ca\\\/#website\",\"url\":\"https:\\\/\\\/tangocoach.ca\\\/\",\"name\":\"Tango Coach\",\"description\":\"Formateur en tango argentin\",\"publisher\":{\"@id\":\"https:\\\/\\\/tangocoach.ca\\\/#organization\"},\"potentialAction\":[{\"@type\":\"SearchAction\",\"target\":{\"@type\":\"EntryPoint\",\"urlTemplate\":\"https:\\\/\\\/tangocoach.ca\\\/?s={search_term_string}\"},\"query-input\":{\"@type\":\"PropertyValueSpecification\",\"valueRequired\":true,\"valueName\":\"search_term_string\"}}],\"inLanguage\":\"fr-FR\"},{\"@type\":\"Organization\",\"@id\":\"https:\\\/\\\/tangocoach.ca\\\/#organization\",\"name\":\"Tango Coach\",\"url\":\"https:\\\/\\\/tangocoach.ca\\\/\",\"logo\":{\"@type\":\"ImageObject\",\"inLanguage\":\"fr-FR\",\"@id\":\"https:\\\/\\\/tangocoach.ca\\\/#\\\/schema\\\/logo\\\/image\\\/\",\"url\":\"https:\\\/\\\/tangocoach.ca\\\/wp-content\\\/uploads\\\/2016\\\/11\\\/Carte-siteweb-TC-e1479315339937.jpg\",\"contentUrl\":\"https:\\\/\\\/tangocoach.ca\\\/wp-content\\\/uploads\\\/2016\\\/11\\\/Carte-siteweb-TC-e1479315339937.jpg\",\"width\":1024,\"height\":576,\"caption\":\"Tango Coach\"},\"image\":{\"@id\":\"https:\\\/\\\/tangocoach.ca\\\/#\\\/schema\\\/logo\\\/image\\\/\"},\"sameAs\":[\"https:\\\/\\\/www.facebook.com\\\/TangoCoach1\\\/\",\"https:\\\/\\\/www.youtube.com\\\/playlist?list=PLJTAceLZh9blHMtVrq1gvjyQqEaS0o6za\"]}]}<\/script>\n<!-- \/ Yoast SEO plugin. -->","yoast_head_json":{"title":"Liens - Tango Coach","robots":{"index":"index","follow":"follow","max-snippet":"max-snippet:-1","max-image-preview":"max-image-preview:large","max-video-preview":"max-video-preview:-1"},"canonical":"https:\/\/tangocoach.ca\/?page_id=117","og_locale":"fr_FR","og_type":"article","og_title":"Liens - Tango Coach","og_description":"Quelques liens utiles \u00c9v\u00e9nements et ressources Tango Express (Le calendrier des \u00e9v\u00e9nements tango) Groupes Facebook et sites Internet utiles Montr\u00e9al Tango Tango Montr\u00e9al Tango Rive-Sud et Mont\u00e9r\u00e9gie Tango grande r\u00e9gion m\u00e9tropolitaine Association Tango Qu\u00e9bec Abrazos Books Tango Tunes Todo Tango Tango Coach dans les m\u00e9dias Cha\u00eene Youtube de Tango Coach","og_url":"https:\/\/tangocoach.ca\/?page_id=117","og_site_name":"Tango Coach","article_publisher":"https:\/\/www.facebook.com\/TangoCoach1\/","article_modified_time":"2024-10-27T23:16:54+00:00","twitter_card":"summary_large_image","twitter_misc":{"Dur\u00e9e de lecture estim\u00e9e":"1 minute"},"schema":{"@context":"https:\/\/schema.org","@graph":[{"@type":"WebPage","@id":"https:\/\/tangocoach.ca\/?page_id=117","url":"https:\/\/tangocoach.ca\/?page_id=117","name":"Liens - Tango Coach","isPartOf":{"@id":"https:\/\/tangocoach.ca\/#website"},"datePublished":"2015-03-02T07:31:23+00:00","dateModified":"2024-10-27T23:16:54+00:00","breadcrumb":{"@id":"https:\/\/tangocoach.ca\/?page_id=117#breadcrumb"},"inLanguage":"fr-FR","potentialAction":[{"@type":"ReadAction","target":["https:\/\/tangocoach.ca\/?page_id=117"]}]},{"@type":"BreadcrumbList","@id":"https:\/\/tangocoach.ca\/?page_id=117#breadcrumb","itemListElement":[{"@type":"ListItem","position":1,"name":"Accueil","item":"https:\/\/tangocoach.ca\/"},{"@type":"ListItem","position":2,"name":"Liens"}]},{"@type":"WebSite","@id":"https:\/\/tangocoach.ca\/#website","url":"https:\/\/tangocoach.ca\/","name":"Tango Coach","description":"Formateur en tango argentin","publisher":{"@id":"https:\/\/tangocoach.ca\/#organization"},"potentialAction":[{"@type":"SearchAction","target":{"@type":"EntryPoint","urlTemplate":"https:\/\/tangocoach.ca\/?s={search_term_string}"},"query-input":{"@type":"PropertyValueSpecification","valueRequired":true,"valueName":"search_term_string"}}],"inLanguage":"fr-FR"},{"@type":"Organization","@id":"https:\/\/tangocoach.ca\/#organization","name":"Tango Coach","url":"https:\/\/tangocoach.ca\/","logo":{"@type":"ImageObject","inLanguage":"fr-FR","@id":"https:\/\/tangocoach.ca\/#\/schema\/logo\/image\/","url":"https:\/\/tangocoach.ca\/wp-content\/uploads\/2016\/11\/Carte-siteweb-TC-e1479315339937.jpg","contentUrl":"https:\/\/tangocoach.ca\/wp-content\/uploads\/2016\/11\/Carte-siteweb-TC-e1479315339937.jpg","width":1024,"height":576,"caption":"Tango Coach"},"image":{"@id":"https:\/\/tangocoach.ca\/#\/schema\/logo\/image\/"},"sameAs":["https:\/\/www.facebook.com\/TangoCoach1\/","https:\/\/www.youtube.com\/playlist?list=PLJTAceLZh9blHMtVrq1gvjyQqEaS0o6za"]}]}},"_links":{"self":[{"href":"https:\/\/tangocoach.ca\/index.php?rest_route=\/wp\/v2\/pages\/117","targetHints":{"allow":["GET"]}}],"collection":[{"href":"https:\/\/tangocoach.ca\/index.php?rest_route=\/wp\/v2\/pages"}],"about":[{"href":"https:\/\/tangocoach.ca\/index.php?rest_route=\/wp\/v2\/types\/page"}],"author":[{"embeddable":true,"href":"https:\/\/tangocoach.ca\/index.php?rest_route=\/wp\/v2\/users\/1"}],"replies":[{"embeddable":true,"href":"https:\/\/tangocoach.ca\/index.php?rest_route=%2Fwp%2Fv2%2Fcomments&post=117"}],"version-history":[{"count":22,"href":"https:\/\/tangocoach.ca\/index.php?rest_route=\/wp\/v2\/pages\/117\/revisions"}],"predecessor-version":[{"id":1512,"href":"https:\/\/tangocoach.ca\/index.php?rest_route=\/wp\/v2\/pages\/117\/revisions\/1512"}],"wp:attachment":[{"href":"https:\/\/tangocoach.ca\/index.php?rest_route=%2Fwp%2Fv2%2Fmedia&parent=117"}],"curies":[{"name":"wp","href":"https:\/\/api.w.org\/{rel}","templated":true}]}}