{"id":112,"date":"2015-03-02T07:31:50","date_gmt":"2015-03-02T07:31:50","guid":{"rendered":"https:\/\/tangocoach.ca\/?page_id=112"},"modified":"2024-10-27T16:40:06","modified_gmt":"2024-10-27T20:40:06","slug":"prive","status":"publish","type":"page","link":"https:\/\/tangocoach.ca\/?page_id=112","title":{"rendered":"Cours priv\u00e9"},"content":{"rendered":"<div id=\"pl-112\"  class=\"panel-layout\" ><div id=\"pg-112-0\"  class=\"panel-grid panel-no-style\" ><div id=\"pgc-112-0-0\"  class=\"panel-grid-cell\" ><div id=\"panel-112-0-0-0\" class=\"so-panel widget widget_black-studio-tinymce widget_black_studio_tinymce panel-first-child panel-last-child\" data-index=\"0\" ><div class=\"textwidget\"><p style=\"text-align: justify;\">L\u2019apprentissage en priv\u00e9 vous permet de progresser rapidement contre un minimum de temps investi. Nous travaillons exactement ce qui est le plus b\u00e9n\u00e9fique pour votre \u00e9volution. Avec un horaire flexible et adapt\u00e9 \u00e0 vos besoins, les classes priv\u00e9es sont offertes aux personnes seules (homme ou femme) ou aux couples. Les cours sont offerts pendant le jour ou le soir et sont d\u2019une dur\u00e9e de 1h (min) \u00e0 2h (max) selon votre pr\u00e9f\u00e9rence.<\/p>\n<h5 style=\"text-align: center;\">Deux possibilit\u00e9s pour vos cours priv\u00e9s<\/h5>\n<\/div><\/div><\/div><\/div><div id=\"pg-112-1\"  class=\"panel-grid panel-no-style\" ><div id=\"pgc-112-1-0\"  class=\"panel-grid-cell\" ><div id=\"panel-112-1-0-0\" class=\"so-panel widget widget_black-studio-tinymce widget_black_studio_tinymce panel-first-child panel-last-child\" data-index=\"1\" ><div class=\"textwidget\"><h3>\u00c0 domicile<\/h3>\n<p style=\"text-align: justify;\">D\u00e9placement \u00e0 votre domicile pour un cours dans le confort de votre foyer (si vous disposez d\u2019une surface libre d'environ 3 x 4 m ou +).<\/p>\n<p style=\"text-align: justify;\"><a href=\"https:\/\/tangocoach.ca\/contact\/\">Contactez-nous<\/a> afin d'obtenir une estimation.<\/p>\n<\/div><\/div><\/div><div id=\"pgc-112-1-1\"  class=\"panel-grid-cell\" ><div id=\"panel-112-1-1-0\" class=\"so-panel widget widget_black-studio-tinymce widget_black_studio_tinymce panel-first-child panel-last-child\" data-index=\"2\" ><div class=\"textwidget\"><h3>Estrie<\/h3>\n<h6>27 rue Oak, Bolton-Est. J0E 1G0<\/h6>\n<p><iframe loading=\"lazy\" style=\"border: 0;\" src=\"https:\/\/www.google.com\/maps\/embed?pb=!1m18!1m12!1m3!1d5849.77676068422!2d-72.32604742594572!3d45.218417893309805!2m3!1f0!2f0!3f0!3m2!1i1024!2i768!4f13.1!3m3!1m2!1s0x4cb63b2c592bf6e9%3A0xdefaed73a0bdc294!2s27%20Rue%20Oak%2C%20Bolton-Est%2C%20QC%20J0E%201G0!5e0!3m2!1sfr!2sca!4v1730053378835!5m2!1sfr!2sca\" width=\"300\" height=\"300\" frameborder=\"0\"><\/iframe><\/p>\n<\/div><\/div><\/div><\/div><\/div>","protected":false},"excerpt":{"rendered":"<p>L\u2019apprentissage en priv\u00e9 vous permet de progresser rapidement contre un minimum de temps investi. Nous travaillons exactement ce qui est le plus b\u00e9n\u00e9fique pour votre \u00e9volution. Avec un horaire flexible et adapt\u00e9 \u00e0 vos besoins, les classes priv\u00e9es sont offertes aux personnes seules (homme ou femme) ou aux couples. Les cours sont offerts pendant le [&hellip;]<\/p>\n","protected":false},"author":1,"featured_media":0,"parent":0,"menu_order":1,"comment_status":"open","ping_status":"closed","template":"","meta":{"_genesis_hide_title":false,"_genesis_hide_breadcrumbs":false,"_genesis_hide_singular_image":false,"_genesis_hide_footer_widgets":false,"_genesis_custom_body_class":"","_genesis_custom_post_class":"","_genesis_layout":"","footnotes":""},"class_list":{"0":"post-112","1":"page","2":"type-page","3":"status-publish","5":"entry"},"yoast_head":"<!-- This site is optimized with the Yoast SEO plugin v27.5 - https:\/\/yoast.com\/product\/yoast-seo-wordpress\/ -->\n<title>Cours priv\u00e9 - Tango Coach<\/title>\n<meta name=\"robots\" content=\"index, follow, max-snippet:-1, max-image-preview:large, max-video-preview:-1\" \/>\n<link rel=\"canonical\" href=\"https:\/\/tangocoach.ca\/?page_id=112\" \/>\n<meta property=\"og:locale\" content=\"fr_FR\" \/>\n<meta property=\"og:type\" content=\"article\" \/>\n<meta property=\"og:title\" content=\"Cours priv\u00e9 - Tango Coach\" \/>\n<meta property=\"og:description\" content=\"L\u2019apprentissage en priv\u00e9 vous permet de progresser rapidement contre un minimum de temps investi. Nous travaillons exactement ce qui est le plus b\u00e9n\u00e9fique pour votre \u00e9volution. Avec un horaire flexible et adapt\u00e9 \u00e0 vos besoins, les classes priv\u00e9es sont offertes aux personnes seules (homme ou femme) ou aux couples. Les cours sont offerts pendant le [&hellip;]\" \/>\n<meta property=\"og:url\" content=\"https:\/\/tangocoach.ca\/?page_id=112\" \/>\n<meta property=\"og:site_name\" content=\"Tango Coach\" \/>\n<meta property=\"article:publisher\" content=\"https:\/\/www.facebook.com\/TangoCoach1\/\" \/>\n<meta property=\"article:modified_time\" content=\"2024-10-27T20:40:06+00:00\" \/>\n<meta name=\"twitter:card\" content=\"summary_large_image\" \/>\n<meta name=\"twitter:label1\" content=\"Dur\u00e9e de lecture estim\u00e9e\" \/>\n\t<meta name=\"twitter:data1\" content=\"1 minute\" \/>\n<script type=\"application\/ld+json\" class=\"yoast-schema-graph\">{\"@context\":\"https:\\\/\\\/schema.org\",\"@graph\":[{\"@type\":\"WebPage\",\"@id\":\"https:\\\/\\\/tangocoach.ca\\\/?page_id=112\",\"url\":\"https:\\\/\\\/tangocoach.ca\\\/?page_id=112\",\"name\":\"Cours priv\u00e9 - Tango Coach\",\"isPartOf\":{\"@id\":\"https:\\\/\\\/tangocoach.ca\\\/#website\"},\"datePublished\":\"2015-03-02T07:31:50+00:00\",\"dateModified\":\"2024-10-27T20:40:06+00:00\",\"breadcrumb\":{\"@id\":\"https:\\\/\\\/tangocoach.ca\\\/?page_id=112#breadcrumb\"},\"inLanguage\":\"fr-FR\",\"potentialAction\":[{\"@type\":\"ReadAction\",\"target\":[\"https:\\\/\\\/tangocoach.ca\\\/?page_id=112\"]}]},{\"@type\":\"BreadcrumbList\",\"@id\":\"https:\\\/\\\/tangocoach.ca\\\/?page_id=112#breadcrumb\",\"itemListElement\":[{\"@type\":\"ListItem\",\"position\":1,\"name\":\"Accueil\",\"item\":\"https:\\\/\\\/tangocoach.ca\\\/\"},{\"@type\":\"ListItem\",\"position\":2,\"name\":\"Cours priv\u00e9\"}]},{\"@type\":\"WebSite\",\"@id\":\"https:\\\/\\\/tangocoach.ca\\\/#website\",\"url\":\"https:\\\/\\\/tangocoach.ca\\\/\",\"name\":\"Tango Coach\",\"description\":\"Formateur en tango argentin\",\"publisher\":{\"@id\":\"https:\\\/\\\/tangocoach.ca\\\/#organization\"},\"potentialAction\":[{\"@type\":\"SearchAction\",\"target\":{\"@type\":\"EntryPoint\",\"urlTemplate\":\"https:\\\/\\\/tangocoach.ca\\\/?s={search_term_string}\"},\"query-input\":{\"@type\":\"PropertyValueSpecification\",\"valueRequired\":true,\"valueName\":\"search_term_string\"}}],\"inLanguage\":\"fr-FR\"},{\"@type\":\"Organization\",\"@id\":\"https:\\\/\\\/tangocoach.ca\\\/#organization\",\"name\":\"Tango Coach\",\"url\":\"https:\\\/\\\/tangocoach.ca\\\/\",\"logo\":{\"@type\":\"ImageObject\",\"inLanguage\":\"fr-FR\",\"@id\":\"https:\\\/\\\/tangocoach.ca\\\/#\\\/schema\\\/logo\\\/image\\\/\",\"url\":\"https:\\\/\\\/tangocoach.ca\\\/wp-content\\\/uploads\\\/2016\\\/11\\\/Carte-siteweb-TC-e1479315339937.jpg\",\"contentUrl\":\"https:\\\/\\\/tangocoach.ca\\\/wp-content\\\/uploads\\\/2016\\\/11\\\/Carte-siteweb-TC-e1479315339937.jpg\",\"width\":1024,\"height\":576,\"caption\":\"Tango Coach\"},\"image\":{\"@id\":\"https:\\\/\\\/tangocoach.ca\\\/#\\\/schema\\\/logo\\\/image\\\/\"},\"sameAs\":[\"https:\\\/\\\/www.facebook.com\\\/TangoCoach1\\\/\",\"https:\\\/\\\/www.youtube.com\\\/playlist?list=PLJTAceLZh9blHMtVrq1gvjyQqEaS0o6za\"]}]}<\/script>\n<!-- \/ Yoast SEO plugin. -->","yoast_head_json":{"title":"Cours priv\u00e9 - Tango Coach","robots":{"index":"index","follow":"follow","max-snippet":"max-snippet:-1","max-image-preview":"max-image-preview:large","max-video-preview":"max-video-preview:-1"},"canonical":"https:\/\/tangocoach.ca\/?page_id=112","og_locale":"fr_FR","og_type":"article","og_title":"Cours priv\u00e9 - Tango Coach","og_description":"L\u2019apprentissage en priv\u00e9 vous permet de progresser rapidement contre un minimum de temps investi. Nous travaillons exactement ce qui est le plus b\u00e9n\u00e9fique pour votre \u00e9volution. Avec un horaire flexible et adapt\u00e9 \u00e0 vos besoins, les classes priv\u00e9es sont offertes aux personnes seules (homme ou femme) ou aux couples. Les cours sont offerts pendant le [&hellip;]","og_url":"https:\/\/tangocoach.ca\/?page_id=112","og_site_name":"Tango Coach","article_publisher":"https:\/\/www.facebook.com\/TangoCoach1\/","article_modified_time":"2024-10-27T20:40:06+00:00","twitter_card":"summary_large_image","twitter_misc":{"Dur\u00e9e de lecture estim\u00e9e":"1 minute"},"schema":{"@context":"https:\/\/schema.org","@graph":[{"@type":"WebPage","@id":"https:\/\/tangocoach.ca\/?page_id=112","url":"https:\/\/tangocoach.ca\/?page_id=112","name":"Cours priv\u00e9 - Tango Coach","isPartOf":{"@id":"https:\/\/tangocoach.ca\/#website"},"datePublished":"2015-03-02T07:31:50+00:00","dateModified":"2024-10-27T20:40:06+00:00","breadcrumb":{"@id":"https:\/\/tangocoach.ca\/?page_id=112#breadcrumb"},"inLanguage":"fr-FR","potentialAction":[{"@type":"ReadAction","target":["https:\/\/tangocoach.ca\/?page_id=112"]}]},{"@type":"BreadcrumbList","@id":"https:\/\/tangocoach.ca\/?page_id=112#breadcrumb","itemListElement":[{"@type":"ListItem","position":1,"name":"Accueil","item":"https:\/\/tangocoach.ca\/"},{"@type":"ListItem","position":2,"name":"Cours priv\u00e9"}]},{"@type":"WebSite","@id":"https:\/\/tangocoach.ca\/#website","url":"https:\/\/tangocoach.ca\/","name":"Tango Coach","description":"Formateur en tango argentin","publisher":{"@id":"https:\/\/tangocoach.ca\/#organization"},"potentialAction":[{"@type":"SearchAction","target":{"@type":"EntryPoint","urlTemplate":"https:\/\/tangocoach.ca\/?s={search_term_string}"},"query-input":{"@type":"PropertyValueSpecification","valueRequired":true,"valueName":"search_term_string"}}],"inLanguage":"fr-FR"},{"@type":"Organization","@id":"https:\/\/tangocoach.ca\/#organization","name":"Tango Coach","url":"https:\/\/tangocoach.ca\/","logo":{"@type":"ImageObject","inLanguage":"fr-FR","@id":"https:\/\/tangocoach.ca\/#\/schema\/logo\/image\/","url":"https:\/\/tangocoach.ca\/wp-content\/uploads\/2016\/11\/Carte-siteweb-TC-e1479315339937.jpg","contentUrl":"https:\/\/tangocoach.ca\/wp-content\/uploads\/2016\/11\/Carte-siteweb-TC-e1479315339937.jpg","width":1024,"height":576,"caption":"Tango Coach"},"image":{"@id":"https:\/\/tangocoach.ca\/#\/schema\/logo\/image\/"},"sameAs":["https:\/\/www.facebook.com\/TangoCoach1\/","https:\/\/www.youtube.com\/playlist?list=PLJTAceLZh9blHMtVrq1gvjyQqEaS0o6za"]}]}},"_links":{"self":[{"href":"https:\/\/tangocoach.ca\/index.php?rest_route=\/wp\/v2\/pages\/112","targetHints":{"allow":["GET"]}}],"collection":[{"href":"https:\/\/tangocoach.ca\/index.php?rest_route=\/wp\/v2\/pages"}],"about":[{"href":"https:\/\/tangocoach.ca\/index.php?rest_route=\/wp\/v2\/types\/page"}],"author":[{"embeddable":true,"href":"https:\/\/tangocoach.ca\/index.php?rest_route=\/wp\/v2\/users\/1"}],"replies":[{"embeddable":true,"href":"https:\/\/tangocoach.ca\/index.php?rest_route=%2Fwp%2Fv2%2Fcomments&post=112"}],"version-history":[{"count":26,"href":"https:\/\/tangocoach.ca\/index.php?rest_route=\/wp\/v2\/pages\/112\/revisions"}],"predecessor-version":[{"id":1493,"href":"https:\/\/tangocoach.ca\/index.php?rest_route=\/wp\/v2\/pages\/112\/revisions\/1493"}],"wp:attachment":[{"href":"https:\/\/tangocoach.ca\/index.php?rest_route=%2Fwp%2Fv2%2Fmedia&parent=112"}],"curies":[{"name":"wp","href":"https:\/\/api.w.org\/{rel}","templated":true}]}}